{"id":591,"date":"2022-09-02T14:15:20","date_gmt":"2022-09-02T14:15:20","guid":{"rendered":"https:\/\/laprairiecamping.com\/?page_id=591"},"modified":"2022-09-09T13:46:51","modified_gmt":"2022-09-09T13:46:51","slug":"tourisme","status":"publish","type":"page","link":"https:\/\/laprairiecamping.com\/?page_id=591","title":{"rendered":"Tourisme"},"content":{"rendered":"\t\t<div data-elementor-type=\"wp-page\" data-elementor-id=\"591\" class=\"elementor elementor-591\">\n\t\t\t\t\t\t\t\t\t<section class=\"elementor-section elementor-top-section elementor-element elementor-element-2d37e7 elementor-section-boxed elementor-section-height-default elementor-section-height-default\" data-id=\"2d37e7\" data-element_type=\"section\" data-settings=\"{&quot;background_background&quot;:&quot;classic&quot;}\">\n\t\t\t\t\t\t\t<div class=\"elementor-background-overlay\"><\/div>\n\t\t\t\t\t\t\t<div class=\"elementor-container elementor-column-gap-default\">\n\t\t\t\t\t<div class=\"elementor-column elementor-col-100 elementor-top-column elementor-element elementor-element-30e4a0d3\" data-id=\"30e4a0d3\" data-element_type=\"column\">\n\t\t\t<div class=\"elementor-widget-wrap elementor-element-populated\">\n\t\t\t\t\t\t\t\t<div class=\"elementor-element elementor-element-63e87139 elementor-widget elementor-widget-heading\" data-id=\"63e87139\" data-element_type=\"widget\" data-widget_type=\"heading.default\">\n\t\t\t\t<div class=\"elementor-widget-container\">\n\t\t\t<style>\/*! elementor - v3.7.2 - 21-08-2022 *\/\n.elementor-heading-title{padding:0;margin:0;line-height:1}.elementor-widget-heading .elementor-heading-title[class*=elementor-size-]>a{color:inherit;font-size:inherit;line-height:inherit}.elementor-widget-heading .elementor-heading-title.elementor-size-small{font-size:15px}.elementor-widget-heading .elementor-heading-title.elementor-size-medium{font-size:19px}.elementor-widget-heading .elementor-heading-title.elementor-size-large{font-size:29px}.elementor-widget-heading .elementor-heading-title.elementor-size-xl{font-size:39px}.elementor-widget-heading .elementor-heading-title.elementor-size-xxl{font-size:59px}<\/style><h1 class=\"elementor-heading-title elementor-size-default\">Tourisme<\/h1>\t\t<\/div>\n\t\t\t\t<\/div>\n\t\t\t\t\t<\/div>\n\t\t<\/div>\n\t\t\t\t\t\t\t<\/div>\n\t\t<\/section>\n\t\t\t\t<section class=\"elementor-section elementor-top-section elementor-element elementor-element-4bfa14b elementor-section-boxed elementor-section-height-default elementor-section-height-default\" data-id=\"4bfa14b\" data-element_type=\"section\">\n\t\t\t\t\t\t<div class=\"elementor-container elementor-column-gap-default\">\n\t\t\t\t\t<div class=\"elementor-column elementor-col-100 elementor-top-column elementor-element elementor-element-52dd75f\" data-id=\"52dd75f\" data-element_type=\"column\">\n\t\t\t<div class=\"elementor-widget-wrap elementor-element-populated\">\n\t\t\t\t\t\t\t\t<div class=\"elementor-element elementor-element-180c667 elementor-widget elementor-widget-spacer\" data-id=\"180c667\" data-element_type=\"widget\" data-widget_type=\"spacer.default\">\n\t\t\t\t<div class=\"elementor-widget-container\">\n\t\t\t<style>\/*! elementor - v3.7.2 - 21-08-2022 *\/\n.elementor-column .elementor-spacer-inner{height:var(--spacer-size)}.e-container{--container-widget-width:100%}.e-container>.elementor-widget-spacer{width:var(--container-widget-width,var(--spacer-size));-ms-flex-item-align:stretch;align-self:stretch;-ms-flex-negative:0;flex-shrink:0}.e-container>.elementor-widget-spacer>.elementor-widget-container,.e-container>.elementor-widget-spacer>.elementor-widget-container>.elementor-spacer{height:100%}.e-container>.elementor-widget-spacer>.elementor-widget-container>.elementor-spacer>.elementor-spacer-inner{height:var(--container-widget-height,var(--spacer-size))}<\/style>\t\t<div class=\"elementor-spacer\">\n\t\t\t<div class=\"elementor-spacer-inner\"><\/div>\n\t\t<\/div>\n\t\t\t\t<\/div>\n\t\t\t\t<\/div>\n\t\t\t\t\t<\/div>\n\t\t<\/div>\n\t\t\t\t\t\t\t<\/div>\n\t\t<\/section>\n\t\t\t\t<section class=\"elementor-section elementor-top-section elementor-element elementor-element-d0ccbd0 elementor-section-boxed elementor-section-height-default elementor-section-height-default\" data-id=\"d0ccbd0\" data-element_type=\"section\">\n\t\t\t\t\t\t<div class=\"elementor-container elementor-column-gap-default\">\n\t\t\t\t\t<div class=\"elementor-column elementor-col-100 elementor-top-column elementor-element elementor-element-2a7a6e1\" data-id=\"2a7a6e1\" data-element_type=\"column\">\n\t\t\t<div class=\"elementor-widget-wrap elementor-element-populated\">\n\t\t\t\t\t\t\t\t<section class=\"elementor-section elementor-inner-section elementor-element elementor-element-4478d0a elementor-section-boxed elementor-section-height-default elementor-section-height-default\" data-id=\"4478d0a\" data-element_type=\"section\">\n\t\t\t\t\t\t<div class=\"elementor-container elementor-column-gap-default\">\n\t\t\t\t\t<div class=\"elementor-column elementor-col-50 elementor-inner-column elementor-element elementor-element-27cbd4e\" data-id=\"27cbd4e\" data-element_type=\"column\">\n\t\t\t<div class=\"elementor-widget-wrap elementor-element-populated\">\n\t\t\t\t\t\t\t\t<div class=\"elementor-element elementor-element-6fea00b elementor-widget elementor-widget-image\" data-id=\"6fea00b\" data-element_type=\"widget\" data-widget_type=\"image.default\">\n\t\t\t\t<div class=\"elementor-widget-container\">\n\t\t\t<style>\/*! elementor - v3.7.2 - 21-08-2022 *\/\n.elementor-widget-image{text-align:center}.elementor-widget-image a{display:inline-block}.elementor-widget-image a img[src$=\".svg\"]{width:48px}.elementor-widget-image img{vertical-align:middle;display:inline-block}<\/style>\t\t\t\t\t\t\t\t\t\t\t\t<img width=\"612\" height=\"408\" src=\"https:\/\/laprairiecamping.com\/wp-content\/uploads\/2022\/09\/IMG_0024-1024x683-1.jpg\" class=\"attachment-large size-large\" alt=\"\" loading=\"lazy\" srcset=\"https:\/\/laprairiecamping.com\/wp-content\/uploads\/2022\/09\/IMG_0024-1024x683-1.jpg 612w, https:\/\/laprairiecamping.com\/wp-content\/uploads\/2022\/09\/IMG_0024-1024x683-1-300x200.jpg 300w\" sizes=\"(max-width: 612px) 100vw, 612px\" \/>\t\t\t\t\t\t\t\t\t\t\t\t\t\t\t<\/div>\n\t\t\t\t<\/div>\n\t\t\t\t<div class=\"elementor-element elementor-element-08edb72 elementor-widget elementor-widget-text-editor\" data-id=\"08edb72\" data-element_type=\"widget\" data-widget_type=\"text-editor.default\">\n\t\t\t\t<div class=\"elementor-widget-container\">\n\t\t\t<style>\/*! elementor - v3.7.2 - 21-08-2022 *\/\n.elementor-widget-text-editor.elementor-drop-cap-view-stacked .elementor-drop-cap{background-color:#818a91;color:#fff}.elementor-widget-text-editor.elementor-drop-cap-view-framed .elementor-drop-cap{color:#818a91;border:3px solid;background-color:transparent}.elementor-widget-text-editor:not(.elementor-drop-cap-view-default) .elementor-drop-cap{margin-top:8px}.elementor-widget-text-editor:not(.elementor-drop-cap-view-default) .elementor-drop-cap-letter{width:1em;height:1em}.elementor-widget-text-editor .elementor-drop-cap{float:left;text-align:center;line-height:1;font-size:50px}.elementor-widget-text-editor .elementor-drop-cap-letter{display:inline-block}<\/style>\t\t\t\t<p>Source : https:\/\/www.cauterets.com\/<\/p>\t\t\t\t\t\t<\/div>\n\t\t\t\t<\/div>\n\t\t\t\t\t<\/div>\n\t\t<\/div>\n\t\t\t\t<div class=\"elementor-column elementor-col-50 elementor-inner-column elementor-element elementor-element-7c3cbd0\" data-id=\"7c3cbd0\" data-element_type=\"column\">\n\t\t\t<div class=\"elementor-widget-wrap elementor-element-populated\">\n\t\t\t\t\t\t\t\t<div class=\"elementor-element elementor-element-8ed7231 elementor-widget elementor-widget-heading\" data-id=\"8ed7231\" data-element_type=\"widget\" data-widget_type=\"heading.default\">\n\t\t\t\t<div class=\"elementor-widget-container\">\n\t\t\t<h2 class=\"elementor-heading-title elementor-size-default\">Le lac de Gaube<\/h2>\t\t<\/div>\n\t\t\t\t<\/div>\n\t\t\t\t<div class=\"elementor-element elementor-element-fb853cc elementor-widget elementor-widget-text-editor\" data-id=\"fb853cc\" data-element_type=\"widget\" data-widget_type=\"text-editor.default\">\n\t\t\t\t<div class=\"elementor-widget-container\">\n\t\t\t\t\t\t\t<p>Le \u00a0lac de Gaube\u00a0est un de ces lieux \u00e0 ne pas manquer. Ses eaux vertes \u00e9meraude dans lesquelles se refl\u00e8te le Vignemale, plus haut sommet des Pyr\u00e9n\u00e9es fran\u00e7aises, sont encore plus belles en vrai que sur la photo.\u00a0<\/p><p>En plus, il est accessible sans effort gr\u00e2ce au t\u00e9l\u00e9si\u00e8ge en seulement 15 min de marche. Mais pour les braves, il est aussi accessible par le GR10 depuis le parking du Pont d\u2019Espagne, en 1h15 de marche. Le d\u00e9part du sentier se situe juste avant la cascade du Pont d\u2019Espagne. Enfin, on vous recommande chaussures de montagne, b\u00e2tons et v\u00eatements chauds<\/p>\t\t\t\t\t\t<\/div>\n\t\t\t\t<\/div>\n\t\t\t\t\t<\/div>\n\t\t<\/div>\n\t\t\t\t\t\t\t<\/div>\n\t\t<\/section>\n\t\t\t\t\t<\/div>\n\t\t<\/div>\n\t\t\t\t\t\t\t<\/div>\n\t\t<\/section>\n\t\t\t\t<section class=\"elementor-section elementor-top-section elementor-element elementor-element-6352a3e elementor-section-boxed elementor-section-height-default elementor-section-height-default\" data-id=\"6352a3e\" data-element_type=\"section\">\n\t\t\t\t\t\t<div class=\"elementor-container elementor-column-gap-default\">\n\t\t\t\t\t<div class=\"elementor-column elementor-col-100 elementor-top-column elementor-element elementor-element-57621f2\" data-id=\"57621f2\" data-element_type=\"column\">\n\t\t\t<div class=\"elementor-widget-wrap elementor-element-populated\">\n\t\t\t\t\t\t\t\t<section class=\"elementor-section elementor-inner-section elementor-element elementor-element-c7ba7a6 elementor-section-boxed elementor-section-height-default elementor-section-height-default\" data-id=\"c7ba7a6\" data-element_type=\"section\">\n\t\t\t\t\t\t<div class=\"elementor-container elementor-column-gap-default\">\n\t\t\t\t\t<div class=\"elementor-column elementor-col-50 elementor-inner-column elementor-element elementor-element-c0414d4\" data-id=\"c0414d4\" data-element_type=\"column\">\n\t\t\t<div class=\"elementor-widget-wrap elementor-element-populated\">\n\t\t\t\t\t\t\t\t<div class=\"elementor-element elementor-element-4bb8252 elementor-widget elementor-widget-heading\" data-id=\"4bb8252\" data-element_type=\"widget\" data-widget_type=\"heading.default\">\n\t\t\t\t<div class=\"elementor-widget-container\">\n\t\t\t<h2 class=\"elementor-heading-title elementor-size-default\">Le Pont d'Espagne<\/h2>\t\t<\/div>\n\t\t\t\t<\/div>\n\t\t\t\t<div class=\"elementor-element elementor-element-d4f4b5e elementor-widget elementor-widget-text-editor\" data-id=\"d4f4b5e\" data-element_type=\"widget\" data-widget_type=\"text-editor.default\">\n\t\t\t\t<div class=\"elementor-widget-container\">\n\t\t\t\t\t\t\t<p>Celui-ci est incontournable ! C\u2019est un site remarquable datant de 1886, class\u00e9 Grand Site Occitanie.<\/p><p>Pour la petite histoire, ce pont \u00e9tait une voie pastorale, le nom du c\u00e9l\u00e8bre Pont d\u2019Espagne est li\u00e9 aux passages qu\u2019il permettait autrefois pour les \u00e9changes commerciaux avec l\u2019Espagne. \u00c0 voir absolument!<\/p>\t\t\t\t\t\t<\/div>\n\t\t\t\t<\/div>\n\t\t\t\t\t<\/div>\n\t\t<\/div>\n\t\t\t\t<div class=\"elementor-column elementor-col-50 elementor-inner-column elementor-element elementor-element-b6b1ab4\" data-id=\"b6b1ab4\" data-element_type=\"column\">\n\t\t\t<div class=\"elementor-widget-wrap elementor-element-populated\">\n\t\t\t\t\t\t\t\t<div class=\"elementor-element elementor-element-8e30db6 elementor-widget elementor-widget-image\" data-id=\"8e30db6\" data-element_type=\"widget\" data-widget_type=\"image.default\">\n\t\t\t\t<div class=\"elementor-widget-container\">\n\t\t\t\t\t\t\t\t\t\t\t\t\t\t\t<img width=\"1024\" height=\"688\" src=\"https:\/\/laprairiecamping.com\/wp-content\/uploads\/2022\/09\/cauterets_ete-32-1024x688-1.jpg\" class=\"attachment-large size-large\" alt=\"\" loading=\"lazy\" srcset=\"https:\/\/laprairiecamping.com\/wp-content\/uploads\/2022\/09\/cauterets_ete-32-1024x688-1.jpg 1024w, https:\/\/laprairiecamping.com\/wp-content\/uploads\/2022\/09\/cauterets_ete-32-1024x688-1-300x202.jpg 300w, https:\/\/laprairiecamping.com\/wp-content\/uploads\/2022\/09\/cauterets_ete-32-1024x688-1-768x516.jpg 768w\" sizes=\"(max-width: 1024px) 100vw, 1024px\" \/>\t\t\t\t\t\t\t\t\t\t\t\t\t\t\t<\/div>\n\t\t\t\t<\/div>\n\t\t\t\t\t<\/div>\n\t\t<\/div>\n\t\t\t\t\t\t\t<\/div>\n\t\t<\/section>\n\t\t\t\t\t<\/div>\n\t\t<\/div>\n\t\t\t\t\t\t\t<\/div>\n\t\t<\/section>\n\t\t\t\t<section class=\"elementor-section elementor-top-section elementor-element elementor-element-21fbe1d elementor-section-boxed elementor-section-height-default elementor-section-height-default\" data-id=\"21fbe1d\" data-element_type=\"section\">\n\t\t\t\t\t\t<div class=\"elementor-container elementor-column-gap-default\">\n\t\t\t\t\t<div class=\"elementor-column elementor-col-100 elementor-top-column elementor-element elementor-element-df68a2a\" data-id=\"df68a2a\" data-element_type=\"column\">\n\t\t\t<div class=\"elementor-widget-wrap elementor-element-populated\">\n\t\t\t\t\t\t\t\t<div class=\"elementor-element elementor-element-ee161fe elementor-widget elementor-widget-spacer\" data-id=\"ee161fe\" data-element_type=\"widget\" data-widget_type=\"spacer.default\">\n\t\t\t\t<div class=\"elementor-widget-container\">\n\t\t\t\t\t<div class=\"elementor-spacer\">\n\t\t\t<div class=\"elementor-spacer-inner\"><\/div>\n\t\t<\/div>\n\t\t\t\t<\/div>\n\t\t\t\t<\/div>\n\t\t\t\t<section class=\"elementor-section elementor-inner-section elementor-element elementor-element-69d1c50 elementor-section-boxed elementor-section-height-default elementor-section-height-default\" data-id=\"69d1c50\" data-element_type=\"section\">\n\t\t\t\t\t\t<div class=\"elementor-container elementor-column-gap-default\">\n\t\t\t\t\t<div class=\"elementor-column elementor-col-50 elementor-inner-column elementor-element elementor-element-193c4e8\" data-id=\"193c4e8\" data-element_type=\"column\">\n\t\t\t<div class=\"elementor-widget-wrap elementor-element-populated\">\n\t\t\t\t\t\t\t\t<div class=\"elementor-element elementor-element-fa04735 elementor-widget elementor-widget-image\" data-id=\"fa04735\" data-element_type=\"widget\" data-widget_type=\"image.default\">\n\t\t\t\t<div class=\"elementor-widget-container\">\n\t\t\t\t\t\t\t\t\t\t\t\t\t\t\t<img width=\"1024\" height=\"683\" src=\"https:\/\/laprairiecamping.com\/wp-content\/uploads\/2022\/09\/IMG_2245-1024x683-1.jpg\" class=\"attachment-large size-large\" alt=\"\" loading=\"lazy\" srcset=\"https:\/\/laprairiecamping.com\/wp-content\/uploads\/2022\/09\/IMG_2245-1024x683-1.jpg 1024w, https:\/\/laprairiecamping.com\/wp-content\/uploads\/2022\/09\/IMG_2245-1024x683-1-300x200.jpg 300w, https:\/\/laprairiecamping.com\/wp-content\/uploads\/2022\/09\/IMG_2245-1024x683-1-768x512.jpg 768w\" sizes=\"(max-width: 1024px) 100vw, 1024px\" \/>\t\t\t\t\t\t\t\t\t\t\t\t\t\t\t<\/div>\n\t\t\t\t<\/div>\n\t\t\t\t\t<\/div>\n\t\t<\/div>\n\t\t\t\t<div class=\"elementor-column elementor-col-50 elementor-inner-column elementor-element elementor-element-2937c6c\" data-id=\"2937c6c\" data-element_type=\"column\">\n\t\t\t<div class=\"elementor-widget-wrap elementor-element-populated\">\n\t\t\t\t\t\t\t\t<div class=\"elementor-element elementor-element-20d894c elementor-widget elementor-widget-heading\" data-id=\"20d894c\" data-element_type=\"widget\" data-widget_type=\"heading.default\">\n\t\t\t\t<div class=\"elementor-widget-container\">\n\t\t\t<h2 class=\"elementor-heading-title elementor-size-default\">Cauterets<\/h2>\t\t<\/div>\n\t\t\t\t<\/div>\n\t\t\t\t<div class=\"elementor-element elementor-element-c4fa6c2 elementor-widget elementor-widget-text-editor\" data-id=\"c4fa6c2\" data-element_type=\"widget\" data-widget_type=\"text-editor.default\">\n\t\t\t\t<div class=\"elementor-widget-container\">\n\t\t\t\t\t\t\t<p>Cauterets c\u2019est le village de notre camping ! Et forc\u00e9ment on vous conseille de vous y balader. Au village, c\u2019est une pl\u00e9iade d\u2019activit\u00e9s qui vous attend, patinoire, piscine, shopping, cin\u00e9ma, m\u00e9diath\u00e8que, Via Ferrata\u2026 L\u2019eau est bien faisante et c\u2019est gr\u00e2ce \u00e0 ses sources que la r\u00e9putation de Cauterets s\u2019est faite, les thermes sont sp\u00e9cialis\u00e9s en ORL et rhumatologie, le ludique n\u2019est pas oubli\u00e9 puisque les Bains de Rocher vous accueillent avec bassin ext\u00e9rieur et instituts de soins.<\/p><p>De plus, le village est situ\u00e9 \u00e0 30 min au sud de Lourdes en plein c\u0153ur du Parc national des Pyr\u00e9n\u00e9es<\/p>\t\t\t\t\t\t<\/div>\n\t\t\t\t<\/div>\n\t\t\t\t\t<\/div>\n\t\t<\/div>\n\t\t\t\t\t\t\t<\/div>\n\t\t<\/section>\n\t\t\t\t<div class=\"elementor-element elementor-element-4d056be elementor-widget elementor-widget-spacer\" data-id=\"4d056be\" data-element_type=\"widget\" data-widget_type=\"spacer.default\">\n\t\t\t\t<div class=\"elementor-widget-container\">\n\t\t\t\t\t<div class=\"elementor-spacer\">\n\t\t\t<div class=\"elementor-spacer-inner\"><\/div>\n\t\t<\/div>\n\t\t\t\t<\/div>\n\t\t\t\t<\/div>\n\t\t\t\t\t<\/div>\n\t\t<\/div>\n\t\t\t\t\t\t\t<\/div>\n\t\t<\/section>\n\t\t\t\t<section class=\"elementor-section elementor-top-section elementor-element elementor-element-69a55e2 elementor-section-boxed elementor-section-height-default elementor-section-height-default\" data-id=\"69a55e2\" data-element_type=\"section\">\n\t\t\t\t\t\t<div class=\"elementor-container elementor-column-gap-default\">\n\t\t\t\t\t<div class=\"elementor-column elementor-col-100 elementor-top-column elementor-element elementor-element-942424e\" data-id=\"942424e\" data-element_type=\"column\">\n\t\t\t<div class=\"elementor-widget-wrap elementor-element-populated\">\n\t\t\t\t\t\t\t\t<section class=\"elementor-section elementor-inner-section elementor-element elementor-element-bfbc374 elementor-section-boxed elementor-section-height-default elementor-section-height-default\" data-id=\"bfbc374\" data-element_type=\"section\">\n\t\t\t\t\t\t<div class=\"elementor-container elementor-column-gap-default\">\n\t\t\t\t\t<div class=\"elementor-column elementor-col-50 elementor-inner-column elementor-element elementor-element-a2be032\" data-id=\"a2be032\" data-element_type=\"column\">\n\t\t\t<div class=\"elementor-widget-wrap elementor-element-populated\">\n\t\t\t\t\t\t\t\t<div class=\"elementor-element elementor-element-3eddd4e elementor-widget elementor-widget-heading\" data-id=\"3eddd4e\" data-element_type=\"widget\" data-widget_type=\"heading.default\">\n\t\t\t\t<div class=\"elementor-widget-container\">\n\t\t\t<h2 class=\"elementor-heading-title elementor-size-default\">Le pic du Cabaliros<\/h2>\t\t<\/div>\n\t\t\t\t<\/div>\n\t\t\t\t<div class=\"elementor-element elementor-element-59d0980 elementor-widget elementor-widget-text-editor\" data-id=\"59d0980\" data-element_type=\"widget\" data-widget_type=\"text-editor.default\">\n\t\t\t\t<div class=\"elementor-widget-container\">\n\t\t\t\t\t\t\t<p>A cheval entre vall\u00e9e de Cauterets et le Val d\u2019Azun, le Cabaliros est un magnifique belv\u00e9d\u00e8re sur les vall\u00e9es et sommets alentours.<br \/>L\u2019itin\u00e9raire depuis Cauterets vous fera traverser des ambiances paysag\u00e8res tr\u00e8s diversifi\u00e9es.<\/p><p>Et si vous voulez des conseils pour la mont\u00e9e n\u2019h\u00e9sitez pas \u00e0 nous les demander, on a fait la rando et c\u2019\u00e9tait m\u00e9morable<\/p>\t\t\t\t\t\t<\/div>\n\t\t\t\t<\/div>\n\t\t\t\t\t<\/div>\n\t\t<\/div>\n\t\t\t\t<div class=\"elementor-column elementor-col-50 elementor-inner-column elementor-element elementor-element-99f0b7c\" data-id=\"99f0b7c\" data-element_type=\"column\">\n\t\t\t<div class=\"elementor-widget-wrap elementor-element-populated\">\n\t\t\t\t\t\t\t\t<div class=\"elementor-element elementor-element-51d8ba0 elementor-widget elementor-widget-image\" data-id=\"51d8ba0\" data-element_type=\"widget\" data-widget_type=\"image.default\">\n\t\t\t\t<div class=\"elementor-widget-container\">\n\t\t\t\t\t\t\t\t\t\t\t\t\t\t\t<img width=\"1024\" height=\"576\" src=\"https:\/\/laprairiecamping.com\/wp-content\/uploads\/2022\/09\/cabaliros-1024x576.jpg\" class=\"attachment-large size-large\" alt=\"\" loading=\"lazy\" srcset=\"https:\/\/laprairiecamping.com\/wp-content\/uploads\/2022\/09\/cabaliros-1024x576.jpg 1024w, https:\/\/laprairiecamping.com\/wp-content\/uploads\/2022\/09\/cabaliros-300x169.jpg 300w, https:\/\/laprairiecamping.com\/wp-content\/uploads\/2022\/09\/cabaliros-768x432.jpg 768w, https:\/\/laprairiecamping.com\/wp-content\/uploads\/2022\/09\/cabaliros.jpg 1350w\" sizes=\"(max-width: 1024px) 100vw, 1024px\" \/>\t\t\t\t\t\t\t\t\t\t\t\t\t\t\t<\/div>\n\t\t\t\t<\/div>\n\t\t\t\t\t<\/div>\n\t\t<\/div>\n\t\t\t\t\t\t\t<\/div>\n\t\t<\/section>\n\t\t\t\t\t<\/div>\n\t\t<\/div>\n\t\t\t\t\t\t\t<\/div>\n\t\t<\/section>\n\t\t\t\t<section class=\"elementor-section elementor-top-section elementor-element elementor-element-9edf6f9 elementor-section-boxed elementor-section-height-default elementor-section-height-default\" data-id=\"9edf6f9\" data-element_type=\"section\">\n\t\t\t\t\t\t<div class=\"elementor-container elementor-column-gap-default\">\n\t\t\t\t\t<div class=\"elementor-column elementor-col-100 elementor-top-column elementor-element elementor-element-7050a6c\" data-id=\"7050a6c\" data-element_type=\"column\">\n\t\t\t<div class=\"elementor-widget-wrap elementor-element-populated\">\n\t\t\t\t\t\t\t\t<div class=\"elementor-element elementor-element-abb051b elementor-widget elementor-widget-spacer\" data-id=\"abb051b\" data-element_type=\"widget\" data-widget_type=\"spacer.default\">\n\t\t\t\t<div class=\"elementor-widget-container\">\n\t\t\t\t\t<div class=\"elementor-spacer\">\n\t\t\t<div class=\"elementor-spacer-inner\"><\/div>\n\t\t<\/div>\n\t\t\t\t<\/div>\n\t\t\t\t<\/div>\n\t\t\t\t<section class=\"elementor-section elementor-inner-section elementor-element elementor-element-6ba8d3c elementor-section-boxed elementor-section-height-default elementor-section-height-default\" data-id=\"6ba8d3c\" data-element_type=\"section\">\n\t\t\t\t\t\t<div class=\"elementor-container elementor-column-gap-default\">\n\t\t\t\t\t<div class=\"elementor-column elementor-col-50 elementor-inner-column elementor-element elementor-element-ad0ab47\" data-id=\"ad0ab47\" data-element_type=\"column\">\n\t\t\t<div class=\"elementor-widget-wrap elementor-element-populated\">\n\t\t\t\t\t\t\t\t<div class=\"elementor-element elementor-element-91aada9 elementor-widget elementor-widget-image\" data-id=\"91aada9\" data-element_type=\"widget\" data-widget_type=\"image.default\">\n\t\t\t\t<div class=\"elementor-widget-container\">\n\t\t\t\t\t\t\t\t\t\t\t\t\t\t\t<img width=\"1024\" height=\"683\" src=\"https:\/\/laprairiecamping.com\/wp-content\/uploads\/2022\/08\/DSC07039-1024x683.jpg\" class=\"attachment-large size-large\" alt=\"\" loading=\"lazy\" srcset=\"https:\/\/laprairiecamping.com\/wp-content\/uploads\/2022\/08\/DSC07039-1024x683.jpg 1024w, https:\/\/laprairiecamping.com\/wp-content\/uploads\/2022\/08\/DSC07039-300x200.jpg 300w, https:\/\/laprairiecamping.com\/wp-content\/uploads\/2022\/08\/DSC07039-768x512.jpg 768w, https:\/\/laprairiecamping.com\/wp-content\/uploads\/2022\/08\/DSC07039-1536x1024.jpg 1536w, https:\/\/laprairiecamping.com\/wp-content\/uploads\/2022\/08\/DSC07039.jpg 1800w\" sizes=\"(max-width: 1024px) 100vw, 1024px\" \/>\t\t\t\t\t\t\t\t\t\t\t\t\t\t\t<\/div>\n\t\t\t\t<\/div>\n\t\t\t\t\t<\/div>\n\t\t<\/div>\n\t\t\t\t<div class=\"elementor-column elementor-col-50 elementor-inner-column elementor-element elementor-element-eb7de21\" data-id=\"eb7de21\" data-element_type=\"column\">\n\t\t\t<div class=\"elementor-widget-wrap elementor-element-populated\">\n\t\t\t\t\t\t\t\t<div class=\"elementor-element elementor-element-5f780e0 elementor-widget elementor-widget-heading\" data-id=\"5f780e0\" data-element_type=\"widget\" data-widget_type=\"heading.default\">\n\t\t\t\t<div class=\"elementor-widget-container\">\n\t\t\t<h2 class=\"elementor-heading-title elementor-size-default\">Vall\u00e9e du Lutour<\/h2>\t\t<\/div>\n\t\t\t\t<\/div>\n\t\t\t\t<div class=\"elementor-element elementor-element-30f9fc7 elementor-widget elementor-widget-text-editor\" data-id=\"30f9fc7\" data-element_type=\"widget\" data-widget_type=\"text-editor.default\">\n\t\t\t\t<div class=\"elementor-widget-container\">\n\t\t\t\t\t\t\t<p>On vous recommande cette jolie balade au bord de l\u2019eau dans la tr\u00e8s fr\u00e9quent\u00e9e\u00a0vall\u00e9e du Lutour\u00a0accessible aux petits et bien s\u00fbr aux grands.<\/p><p>Ceux qui iront jusqu\u2019au bout pourront, dans un cadre enchanteur, pique-niquer avec vue sur le magnifique lac d&#8217;Estom.<\/p><p>Petit conseil de connaisseurs\u00a0: Apportez vos jumelles, les isards et les marmottes ne sont pas loin.<\/p>\t\t\t\t\t\t<\/div>\n\t\t\t\t<\/div>\n\t\t\t\t\t<\/div>\n\t\t<\/div>\n\t\t\t\t\t\t\t<\/div>\n\t\t<\/section>\n\t\t\t\t\t<\/div>\n\t\t<\/div>\n\t\t\t\t\t\t\t<\/div>\n\t\t<\/section>\n\t\t\t\t\t\t\t<\/div>\n\t\t","protected":false},"excerpt":{"rendered":"<p>Tourisme Source : https:\/\/www.cauterets.com\/ Le lac de Gaube Le \u00a0lac de Gaube\u00a0est un de ces lieux \u00e0 ne pas manquer. Ses eaux vertes \u00e9meraude dans lesquelles se refl\u00e8te le Vignemale, plus haut sommet des Pyr\u00e9n\u00e9es fran\u00e7aises, sont encore plus belles en vrai que sur la photo.\u00a0 En plus, il est accessible sans effort gr\u00e2ce au &hellip;<\/p>\n<p class=\"read-more\"> <a class=\"\" href=\"https:\/\/laprairiecamping.com\/?page_id=591\"> <span class=\"screen-reader-text\">Tourisme<\/span> Read More &raquo;<\/a><\/p>\n","protected":false},"author":1,"featured_media":0,"parent":0,"menu_order":0,"comment_status":"closed","ping_status":"closed","template":"","meta":{"om_disable_all_campaigns":false,"_monsterinsights_skip_tracking":false,"_monsterinsights_sitenote_active":false,"_monsterinsights_sitenote_note":"","_monsterinsights_sitenote_category":0,"site-sidebar-layout":"no-sidebar","site-content-layout":"page-builder","ast-global-header-display":"","ast-main-header-display":"","ast-hfb-above-header-display":"","ast-hfb-below-header-display":"","ast-hfb-mobile-header-display":"","site-post-title":"disabled","ast-breadcrumbs-content":"","ast-featured-img":"disabled","footer-sml-layout":"","theme-transparent-header-meta":"","adv-header-id-meta":"","stick-header-meta":"","header-above-stick-meta":"","header-main-stick-meta":"","header-below-stick-meta":""},"aioseo_notices":[],"_links":{"self":[{"href":"https:\/\/laprairiecamping.com\/index.php?rest_route=\/wp\/v2\/pages\/591"}],"collection":[{"href":"https:\/\/laprairiecamping.com\/index.php?rest_route=\/wp\/v2\/pages"}],"about":[{"href":"https:\/\/laprairiecamping.com\/index.php?rest_route=\/wp\/v2\/types\/page"}],"author":[{"embeddable":true,"href":"https:\/\/laprairiecamping.com\/index.php?rest_route=\/wp\/v2\/users\/1"}],"replies":[{"embeddable":true,"href":"https:\/\/laprairiecamping.com\/index.php?rest_route=%2Fwp%2Fv2%2Fcomments&post=591"}],"version-history":[{"count":19,"href":"https:\/\/laprairiecamping.com\/index.php?rest_route=\/wp\/v2\/pages\/591\/revisions"}],"predecessor-version":[{"id":757,"href":"https:\/\/laprairiecamping.com\/index.php?rest_route=\/wp\/v2\/pages\/591\/revisions\/757"}],"wp:attachment":[{"href":"https:\/\/laprairiecamping.com\/index.php?rest_route=%2Fwp%2Fv2%2Fmedia&parent=591"}],"curies":[{"name":"wp","href":"https:\/\/api.w.org\/{rel}","templated":true}]}}