{"id":437,"date":"2022-08-29T11:33:35","date_gmt":"2022-08-29T11:33:35","guid":{"rendered":"https:\/\/laprairiecamping.com\/?page_id=437"},"modified":"2025-11-13T10:08:03","modified_gmt":"2025-11-13T10:08:03","slug":"hebergements","status":"publish","type":"page","link":"https:\/\/laprairiecamping.com\/?page_id=437","title":{"rendered":"H\u00e9bergements"},"content":{"rendered":"\n<p><style>\/*! elementor - v3.7.2 - 21-08-2022 *\/<br \/>\n.elementor-heading-title{padding:0;margin:0;line-height:1}.elementor-widget-heading .elementor-heading-title[class*=elementor-size-]>a{color:inherit;font-size:inherit;line-height:inherit}.elementor-widget-heading .elementor-heading-title.elementor-size-small{font-size:15px}.elementor-widget-heading .elementor-heading-title.elementor-size-medium{font-size:19px}.elementor-widget-heading .elementor-heading-title.elementor-size-large{font-size:29px}.elementor-widget-heading .elementor-heading-title.elementor-size-xl{font-size:39px}.elementor-widget-heading .elementor-heading-title.elementor-size-xxl{font-size:59px}<\/style><\/p>\n\n\n\n<h1>Caravanes et Mobil home<\/h1>\n\n\n\n<p><style>\/*! elementor - v3.7.2 - 21-08-2022 *\/<br \/>\n.elementor-column .elementor-spacer-inner{height:var(--spacer-size)}.e-container{--container-widget-width:100%}.e-container>.elementor-widget-spacer{width:var(--container-widget-width,var(--spacer-size));-ms-flex-item-align:stretch;align-self:stretch;-ms-flex-negative:0;flex-shrink:0}.e-container>.elementor-widget-spacer>.elementor-widget-container,.e-container>.elementor-widget-spacer>.elementor-widget-container>.elementor-spacer{height:100%}.e-container>.elementor-widget-spacer>.elementor-widget-container>.elementor-spacer>.elementor-spacer-inner{height:var(--container-widget-height,var(--spacer-size))}<\/style><\/p>\n\n\n\n<p><strong>On vous propose, une location dans une de nos caravanes ou mobil-home avec auvent. Vous pouvez garer votre voiture \u00e0 c\u00f4t\u00e9. Possibilit\u00e9 de location \u00e0 la nuit\u00e9e.<\/strong><\/p>\n\n\n\n<p><strong>Tout \u00e9quip\u00e9 vous pourrez profiter d\u2019un grand confort \u00e0 petit prix, lit double, plaque \u00e9lectrique, table, rangements et prises \u00e9lectriques.<\/strong><\/p>\n\n\n\n<p><strong>Et sous l\u2019auvent, frigo, \u00e9quipement de cuisine, tables et chaises sont fournies.<\/strong><\/p>\n\n\n\n<p id=\"yui_3_5_0_1_1456739489887_22791\"><strong>TARIFS 2025<\/strong>&nbsp;(TTC)<\/p>\n\n\n\n<p id=\"yui_3_5_0_1_1456739489887_62680\">Caravanes, bungalow&nbsp; &nbsp; &nbsp;<strong>30 \u20ac&nbsp; \u00e0 50 \u20ac&nbsp; par nuit\u00e9e<\/strong><\/p>\n\n\n\n<p><strong>Forfait cure pour septembre et octobre 700\u20ac mobil home <\/strong><\/p>\n\n\n\n<p><strong>Forfait cure pour septembre et octobre 550\u20ac caravanes<\/strong><\/p>\n\n\n\n<p><strong>Mobil Home HIVER<\/strong><\/p>\n\n\n\n<p><strong>HORS VACANCES<\/strong>&nbsp;<\/p>\n\n\n\n<p>2\/4 personnes <strong>510 \u20ac semaine<\/strong>&nbsp; &nbsp; &nbsp; 5\/6 personnes <strong>530\u20ac semaine<\/strong><\/p>\n\n\n\n<p><strong>VACANCES SCOLAIRES<\/strong><\/p>\n\n\n\n<p>2\/4 personnes\u00a0\u00a0<strong>730 \u20ac<\/strong>\u00a0 \u00a0 \u00a0 \u00a0 \u00a05\/6 personnes 750\u00a0<strong>\u20ac<\/strong><\/p>\n\n\n\n<p><em><strong>Tarif \u00e0 la nuit\u00e9e, n&#8217;h\u00e9sitez pas \u00e0 nous contacter\u00a0<\/strong><\/em><\/p>\n\n\n\n<h2>Galerie<\/h2>\n\n\n\n<p><style>\/*! elementor - v3.7.2 - 21-08-2022 *\/<br \/>\n.elementor-image-gallery .gallery-item{display:inline-block;text-align:center;vertical-align:top;width:100%;max-width:100%;margin:0 auto}.elementor-image-gallery .gallery-item img{margin:0 auto}.elementor-image-gallery .gallery-item .gallery-caption{margin:0}.elementor-image-gallery figure img{display:block}.elementor-image-gallery figure figcaption{width:100%}.gallery-spacing-custom .elementor-image-gallery .gallery-icon{padding:0}@media (min-width:768px){.elementor-image-gallery .gallery-columns-2 .gallery-item{max-width:50%}.elementor-image-gallery .gallery-columns-3 .gallery-item{max-width:33.33%}.elementor-image-gallery .gallery-columns-4 .gallery-item{max-width:25%}.elementor-image-gallery .gallery-columns-5 .gallery-item{max-width:20%}.elementor-image-gallery .gallery-columns-6 .gallery-item{max-width:16.666%}.elementor-image-gallery .gallery-columns-7 .gallery-item{max-width:14.28%}.elementor-image-gallery .gallery-columns-8 .gallery-item{max-width:12.5%}.elementor-image-gallery .gallery-columns-9 .gallery-item{max-width:11.11%}.elementor-image-gallery .gallery-columns-10 .gallery-item{max-width:10%}}@media (min-width:480px) and (max-width:767px){.elementor-image-gallery .gallery.gallery-columns-2 .gallery-item,.elementor-image-gallery .gallery.gallery-columns-3 .gallery-item,.elementor-image-gallery .gallery.gallery-columns-4 .gallery-item,.elementor-image-gallery .gallery.gallery-columns-5 .gallery-item,.elementor-image-gallery .gallery.gallery-columns-6 .gallery-item,.elementor-image-gallery .gallery.gallery-columns-7 .gallery-item,.elementor-image-gallery .gallery.gallery-columns-8 .gallery-item,.elementor-image-gallery .gallery.gallery-columns-9 .gallery-item,.elementor-image-gallery .gallery.gallery-columns-10 .gallery-item{max-width:50%}}@media (max-width:479px){.elementor-image-gallery .gallery.gallery-columns-2 .gallery-item,.elementor-image-gallery .gallery.gallery-columns-3 .gallery-item,.elementor-image-gallery .gallery.gallery-columns-4 .gallery-item,.elementor-image-gallery .gallery.gallery-columns-5 .gallery-item,.elementor-image-gallery .gallery.gallery-columns-6 .gallery-item,.elementor-image-gallery .gallery.gallery-columns-7 .gallery-item,.elementor-image-gallery .gallery.gallery-columns-8 .gallery-item,.elementor-image-gallery .gallery.gallery-columns-9 .gallery-item,.elementor-image-gallery .gallery.gallery-columns-10 .gallery-item{max-width:100%}}<\/style><\/p>\n\n\n\n<figure class=\"wp-block-image\"><a href=\"http:\/\/laprairiecamping.com\/wp-content\/uploads\/2024\/05\/WhatsApp-Image-2024-05-15-a-17.44.53_5360f5a6.jpg\"><img src=\"http:\/\/laprairiecamping.com\/wp-content\/uploads\/2024\/05\/WhatsApp-Image-2024-05-15-a-17.44.53_5360f5a6-225x300.jpg\" alt=\"\"\/><\/a><\/figure>\n\n\n\n<figure class=\"wp-block-image\"><a href=\"http:\/\/laprairiecamping.com\/wp-content\/uploads\/2024\/05\/WhatsApp-Image-2024-05-15-a-17.45.27_38e11a8e.jpg\"><img src=\"http:\/\/laprairiecamping.com\/wp-content\/uploads\/2024\/05\/WhatsApp-Image-2024-05-15-a-17.45.27_38e11a8e-225x300.jpg\" alt=\"\"\/><\/a><\/figure>\n\n\n\n<figure class=\"wp-block-image\"><a href=\"http:\/\/laprairiecamping.com\/wp-content\/uploads\/2024\/05\/WhatsApp-Image-2024-05-15-a-17.45.02_cab995ee.jpg\"><img src=\"http:\/\/laprairiecamping.com\/wp-content\/uploads\/2024\/05\/WhatsApp-Image-2024-05-15-a-17.45.02_cab995ee-225x300.jpg\" alt=\"\"\/><\/a><\/figure>\n\n\n\n<figure class=\"wp-block-image\"><a href=\"http:\/\/laprairiecamping.com\/wp-content\/uploads\/2024\/05\/WhatsApp-Image-2024-05-15-a-09.31.00_3eabd354.jpg\"><img src=\"http:\/\/laprairiecamping.com\/wp-content\/uploads\/2024\/05\/WhatsApp-Image-2024-05-15-a-09.31.00_3eabd354-300x225.jpg\" alt=\"\"\/><\/a><\/figure>\n\n\n\n<figure class=\"wp-block-image\"><a href=\"http:\/\/laprairiecamping.com\/wp-content\/uploads\/2024\/05\/WhatsApp-Image-2024-05-15-a-09.30.55_cd3e7b00.jpg\"><img src=\"http:\/\/laprairiecamping.com\/wp-content\/uploads\/2024\/05\/WhatsApp-Image-2024-05-15-a-09.30.55_cd3e7b00-300x225.jpg\" alt=\"\"\/><\/a><\/figure>\n\n\n\n<figure class=\"wp-block-image\"><a href=\"http:\/\/laprairiecamping.com\/wp-content\/uploads\/2022\/08\/image00009-scaled.jpg\"><img src=\"http:\/\/laprairiecamping.com\/wp-content\/uploads\/2022\/08\/image00009-225x300.jpg\" alt=\"\"\/><\/a><\/figure>\n\n\n\n<figure class=\"wp-block-image\"><a href=\"http:\/\/laprairiecamping.com\/wp-content\/uploads\/2022\/08\/image00031-1-scaled.jpg\"><img src=\"http:\/\/laprairiecamping.com\/wp-content\/uploads\/2022\/08\/image00031-1-225x300.jpg\" alt=\"\"\/><\/a><\/figure>\n\n\n\n<figure class=\"wp-block-image\"><a href=\"http:\/\/laprairiecamping.com\/wp-content\/uploads\/2022\/08\/image00023sredni-rotated.jpeg\"><img src=\"http:\/\/laprairiecamping.com\/wp-content\/uploads\/2022\/08\/image00023sredni-225x300.jpeg\" alt=\"\"\/><\/a><\/figure>\n\n\n\n<figure class=\"wp-block-image\"><a href=\"http:\/\/laprairiecamping.com\/wp-content\/uploads\/2022\/08\/image00021sredni-rotated.jpeg\"><img src=\"http:\/\/laprairiecamping.com\/wp-content\/uploads\/2022\/08\/image00021sredni-225x300.jpeg\" alt=\"\"\/><\/a><\/figure>\n\n\n\n<figure class=\"wp-block-image\"><a href=\"http:\/\/laprairiecamping.com\/wp-content\/uploads\/2022\/08\/image00016-1-rotated.jpeg\"><img src=\"http:\/\/laprairiecamping.com\/wp-content\/uploads\/2022\/08\/image00016-1-225x300.jpeg\" alt=\"\"\/><\/a><\/figure>\n\n\n\n<figure class=\"wp-block-image\"><a href=\"http:\/\/laprairiecamping.com\/wp-content\/uploads\/2022\/08\/image00034-scaled.jpeg\"><img src=\"http:\/\/laprairiecamping.com\/wp-content\/uploads\/2022\/08\/image00034-300x228.jpeg\" alt=\"\"\/><\/a><\/figure>\n\n\n\n<figure class=\"wp-block-image\"><a href=\"http:\/\/laprairiecamping.com\/wp-content\/uploads\/2022\/08\/image00024-scaled.jpeg\"><img src=\"http:\/\/laprairiecamping.com\/wp-content\/uploads\/2022\/08\/image00024-300x225.jpeg\" alt=\"\"\/><\/a><\/figure>\n\n\n\n<figure class=\"wp-block-image\"><a href=\"http:\/\/laprairiecamping.com\/wp-content\/uploads\/2022\/08\/image00025-scaled.jpeg\"><img src=\"http:\/\/laprairiecamping.com\/wp-content\/uploads\/2022\/08\/image00025-300x212.jpeg\" alt=\"\"\/><\/a><\/figure>\n\n\n\n<figure class=\"wp-block-image\"><a href=\"http:\/\/laprairiecamping.com\/wp-content\/uploads\/2022\/08\/image00032-2-scaled.jpeg\"><img src=\"http:\/\/laprairiecamping.com\/wp-content\/uploads\/2022\/08\/image00032-2-300x218.jpeg\" alt=\"\"\/><\/a><\/figure>\n\n\n\n<figure class=\"wp-block-image\"><a href=\"http:\/\/laprairiecamping.com\/wp-content\/uploads\/2022\/09\/ob_7d58b6_img-0547.jpg\"><img src=\"http:\/\/laprairiecamping.com\/wp-content\/uploads\/2022\/09\/ob_7d58b6_img-0547-300x225.jpg\" alt=\"\"\/><\/a><\/figure>\n\n\n\n<figure class=\"wp-block-image\"><a href=\"http:\/\/laprairiecamping.com\/wp-content\/uploads\/2022\/09\/idata_2311016_CARAVANE-DE-2-A-4-PERSONNES_CARAVANE-DE-2-A-4-PERSONNES-2756.jpg\"><img src=\"http:\/\/laprairiecamping.com\/wp-content\/uploads\/2022\/09\/idata_2311016_CARAVANE-DE-2-A-4-PERSONNES_CARAVANE-DE-2-A-4-PERSONNES-2756-300x225.jpg\" alt=\"\"\/><\/a><\/figure>\n\n\n\n<figure class=\"wp-block-image\"><a href=\"http:\/\/laprairiecamping.com\/wp-content\/uploads\/2022\/09\/image_1414541_20160803_ob_577bca_camping-005.jpg\"><img src=\"http:\/\/laprairiecamping.com\/wp-content\/uploads\/2022\/09\/image_1414541_20160803_ob_577bca_camping-005-300x225.jpg\" alt=\"\"\/><\/a><\/figure>\n\n\n\n<figure class=\"wp-block-image\"><a href=\"http:\/\/laprairiecamping.com\/wp-content\/uploads\/2022\/09\/ob_86ab58_img-2891.jpg\"><img src=\"http:\/\/laprairiecamping.com\/wp-content\/uploads\/2022\/09\/ob_86ab58_img-2891-300x225.jpg\" alt=\"\"\/><\/a><\/figure>\n\n\n\n<figure class=\"wp-block-image\"><a href=\"http:\/\/laprairiecamping.com\/wp-content\/uploads\/2022\/09\/image_1414541_20150109_ob_5f14b2_img-2890.jpg\"><img src=\"http:\/\/laprairiecamping.com\/wp-content\/uploads\/2022\/09\/image_1414541_20150109_ob_5f14b2_img-2890-300x225.jpg\" alt=\"\"\/><\/a><\/figure>\n\n\n\n<figure class=\"wp-block-image\"><a href=\"http:\/\/laprairiecamping.com\/wp-content\/uploads\/2022\/09\/image_1414541_20160803_ob_7c3ad7_camping-007.jpg\"><img src=\"http:\/\/laprairiecamping.com\/wp-content\/uploads\/2022\/09\/image_1414541_20160803_ob_7c3ad7_camping-007-300x225.jpg\" alt=\"\"\/><\/a><\/figure>\n","protected":false},"excerpt":{"rendered":"<p>Caravanes et Mobil home On vous propose, une location dans une de nos caravanes ou mobil-home avec auvent. Vous pouvez garer votre voiture \u00e0 c\u00f4t\u00e9. Possibilit\u00e9 de location \u00e0 la nuit\u00e9e. Tout \u00e9quip\u00e9 vous pourrez profiter d\u2019un grand confort \u00e0 petit prix, lit double, plaque \u00e9lectrique, table, rangements et prises \u00e9lectriques. Et sous l\u2019auvent, frigo, &hellip;<\/p>\n<p class=\"read-more\"> <a class=\"\" href=\"https:\/\/laprairiecamping.com\/?page_id=437\"> <span class=\"screen-reader-text\">H\u00e9bergements<\/span> Read More &raquo;<\/a><\/p>\n","protected":false},"author":1,"featured_media":0,"parent":0,"menu_order":0,"comment_status":"closed","ping_status":"closed","template":"","meta":{"om_disable_all_campaigns":false,"_monsterinsights_skip_tracking":false,"_monsterinsights_sitenote_active":false,"_monsterinsights_sitenote_note":"","_monsterinsights_sitenote_category":0,"site-sidebar-layout":"no-sidebar","site-content-layout":"page-builder","ast-global-header-display":"","ast-main-header-display":"","ast-hfb-above-header-display":"","ast-hfb-below-header-display":"","ast-hfb-mobile-header-display":"","site-post-title":"disabled","ast-breadcrumbs-content":"","ast-featured-img":"disabled","footer-sml-layout":"","theme-transparent-header-meta":"","adv-header-id-meta":"","stick-header-meta":"","header-above-stick-meta":"","header-main-stick-meta":"","header-below-stick-meta":""},"aioseo_notices":[],"_links":{"self":[{"href":"https:\/\/laprairiecamping.com\/index.php?rest_route=\/wp\/v2\/pages\/437"}],"collection":[{"href":"https:\/\/laprairiecamping.com\/index.php?rest_route=\/wp\/v2\/pages"}],"about":[{"href":"https:\/\/laprairiecamping.com\/index.php?rest_route=\/wp\/v2\/types\/page"}],"author":[{"embeddable":true,"href":"https:\/\/laprairiecamping.com\/index.php?rest_route=\/wp\/v2\/users\/1"}],"replies":[{"embeddable":true,"href":"https:\/\/laprairiecamping.com\/index.php?rest_route=%2Fwp%2Fv2%2Fcomments&post=437"}],"version-history":[{"count":57,"href":"https:\/\/laprairiecamping.com\/index.php?rest_route=\/wp\/v2\/pages\/437\/revisions"}],"predecessor-version":[{"id":917,"href":"https:\/\/laprairiecamping.com\/index.php?rest_route=\/wp\/v2\/pages\/437\/revisions\/917"}],"wp:attachment":[{"href":"https:\/\/laprairiecamping.com\/index.php?rest_route=%2Fwp%2Fv2%2Fmedia&parent=437"}],"curies":[{"name":"wp","href":"https:\/\/api.w.org\/{rel}","templated":true}]}}